{"id":47,"date":"2017-05-26T11:59:21","date_gmt":"2017-05-26T14:59:21","guid":{"rendered":"http:\/\/www.chavetas.com.br\/site\/?page_id=47"},"modified":"2022-10-25T09:44:21","modified_gmt":"2022-10-25T12:44:21","slug":"tecnologia","status":"publish","type":"page","link":"https:\/\/www.chavetas.com.br\/index.php\/tecnologia\/","title":{"rendered":"Tecnologia"},"content":{"rendered":"<p>[vc_row][vc_column width=&#8221;1\/2&#8243;][vc_column_text css=&#8221;.vc_custom_1666701742114{padding-top: 40px !important;padding-right: 40px !important;padding-bottom: 40px !important;padding-left: 40px !important;background-color: #dddddd !important;}&#8221;]<strong>Tecnologia &#8211; Equipamentos e M\u00e3o de Obra de Primeira Linha<\/strong><\/p>\n<p>Para a F\u00e1brica Nacional de Chavetas, a f\u00f3rmula de qualidade de seus produtos est\u00e1 baseada na perfeita uni\u00e3o entre o homem e a m\u00e1quina.[\/vc_column_text][vc_single_image image=&#8221;374&#8243; img_size=&#8221;500&#215;420&#8243; onclick=&#8221;link_image&#8221;][vc_column_text css=&#8221;.vc_custom_1666701814947{padding-top: 40px !important;padding-right: 40px !important;padding-bottom: 40px !important;padding-left: 40px !important;background-color: #dddddd !important;}&#8221;]Esta filosofia de trabalho se percebe \u00e0 primeira vista, ao se observar na linha de produ\u00e7\u00e3o da f\u00e1brica uma total limpeza e organiza\u00e7\u00e3o, muito dif\u00edceis de serem obtidas quando se trata de metalurgia.[\/vc_column_text][\/vc_column][vc_column width=&#8221;1\/2&#8243;][vc_single_image image=&#8221;373&#8243; img_size=&#8221;500&#215;300&#8243; onclick=&#8221;link_image&#8221;][vc_column_text css=&#8221;.vc_custom_1666701779447{padding-top: 40px !important;padding-right: 40px !important;padding-bottom: 40px !important;padding-left: 40px !important;background-color: #dddddd !important;}&#8221;]Para tanto, suas m\u00e1quinas est\u00e3o sempre sendo renovadas, atrav\u00e9s de investimentos que procuram trazer o que h\u00e1 de mais moderno no Brasil e no exterior para a produ\u00e7\u00e3o de chavetas.<\/p>\n<p>Em contrapartida, o lado humano \u00e9 tratado com igual preocupa\u00e7\u00e3o, tanto na sele\u00e7\u00e3o das pessoas mais competentes e em seu treinamento s\u00e9rio e rigoroso, quanto no estabelecimento de um ambiente de trabalho positivo, que estimule a produtividade e ofere\u00e7a seguran\u00e7a \u00e0 quem dele participa.[\/vc_column_text][vc_single_image image=&#8221;375&#8243; img_size=&#8221;500&#215;300&#8243; onclick=&#8221;link_image&#8221;][\/vc_column][\/vc_row][vc_row][vc_column][\/vc_column][\/vc_row]<\/p>\n","protected":false},"excerpt":{"rendered":"<p>[vc_row][vc_column width=&#8221;1\/2&#8243;][vc_column_text css=&#8221;.vc_custom_1666701742114{padding-top: 40px !important;padding-right: 40px !important;padding-bottom: 40px !important;padding-left: 40px !important;background-color: #dddddd !important;}&#8221;]Tecnologia &#8211; Equipamentos e M\u00e3o de Obra de Primeira Linha Para a F\u00e1brica Nacional de Chavetas, a f\u00f3rmula de qualidade de seus produtos est\u00e1 baseada na perfeita uni\u00e3o entre o homem e a m\u00e1quina.[\/vc_column_text][vc_single_image image=&#8221;374&#8243; img_size=&#8221;500&#215;420&#8243; onclick=&#8221;link_image&#8221;][vc_column_text css=&#8221;.vc_custom_1666701814947{padding-top: 40px !important;padding-right: 40px !important;padding-bottom: 40px [&hellip;]<\/p>\n","protected":false},"author":1,"featured_media":0,"parent":0,"menu_order":0,"comment_status":"closed","ping_status":"closed","template":"","meta":[],"_links":{"self":[{"href":"https:\/\/www.chavetas.com.br\/index.php\/wp-json\/wp\/v2\/pages\/47"}],"collection":[{"href":"https:\/\/www.chavetas.com.br\/index.php\/wp-json\/wp\/v2\/pages"}],"about":[{"href":"https:\/\/www.chavetas.com.br\/index.php\/wp-json\/wp\/v2\/types\/page"}],"author":[{"embeddable":true,"href":"https:\/\/www.chavetas.com.br\/index.php\/wp-json\/wp\/v2\/users\/1"}],"replies":[{"embeddable":true,"href":"https:\/\/www.chavetas.com.br\/index.php\/wp-json\/wp\/v2\/comments?post=47"}],"version-history":[{"count":7,"href":"https:\/\/www.chavetas.com.br\/index.php\/wp-json\/wp\/v2\/pages\/47\/revisions"}],"predecessor-version":[{"id":391,"href":"https:\/\/www.chavetas.com.br\/index.php\/wp-json\/wp\/v2\/pages\/47\/revisions\/391"}],"wp:attachment":[{"href":"https:\/\/www.chavetas.com.br\/index.php\/wp-json\/wp\/v2\/media?parent=47"}],"curies":[{"name":"wp","href":"https:\/\/api.w.org\/{rel}","templated":true}]}}